{"id":4747,"date":"2020-07-22T12:53:56","date_gmt":"2020-07-22T10:53:56","guid":{"rendered":"https:\/\/stage1.kulturveranstaltung.at\/x\/?page_id=4747"},"modified":"2020-07-22T14:18:22","modified_gmt":"2020-07-22T12:18:22","slug":"datenschutz","status":"publish","type":"page","link":"https:\/\/kulturveranstaltung.at\/x\/datenschutz\/","title":{"rendered":"Datenschutz"},"content":{"rendered":"\n<p>Wir verarbeiten Ihre Daten ausschlie\u00dflich auf Grundlage der gesetzlichen Bestimmungen (DSGVO). Diese Datenschutzerkl\u00e4rung informiert Sie \u00fcber die wichtigsten Punkte der Datenverarbeitung im Rahmen unserer Website.<\/p>\n\n\n\n<h4>KONTAKT MIT UNS<\/h4>\n\n\n\n<p>Wenn Sie via Website oder per E-Mail Kontakt mit uns aufnehmen, werden Ihre angegebenen Daten zwecks Bearbeitung der Anfrage sechs Monate bei uns gespeichert.<\/p>\n\n\n\n<p>Daten, die wir im Falle eines Gesch\u00e4ftsabschlusses zur Rechnungslegung ben\u00f6tigen, bewahren wir bis zum Ablauf der gesetzlichen Frist auf.<\/p>\n\n\n\n<p>Schicken wir Newsletter aus, k\u00f6nnen Sie sich jederzeit davon abmelden.<\/p>\n\n\n\n<h4>WEBSITE<\/h4>\n\n\n\n<p>Unsere Website verwendet sogenannte Cookies. Das sind kleine Textdateien, die mit Hilfe des Browsers auf Ihrem Endger\u00e4t abgelegt werden und keinen Schaden anrichten.<\/p>\n\n\n\n<p>Einige Cookies bleiben auf Ihrem Endger\u00e4t gespeichert, bis Sie diese l\u00f6schen. Sie erm\u00f6glichen es uns, Ihren Browser beim n\u00e4chsten Besuch wiederzuerkennen.<\/p>\n\n\n\n<p>Wenn Sie dies nicht w\u00fcnschen, so k\u00f6nnen Sie Ihren Browser so einrichten, dass er Sie \u00fcber das Setzen von Cookies informiert und Sie dies nur im Einzelfall erlauben.<\/p>\n\n\n\n<p>Die Deaktivierung von Cookies kann die Funktionalit\u00e4t unserer Website einschr\u00e4nken.<\/p>\n\n\n\n<h4>WEBANALYSE<\/h4>\n\n\n\n<p>Unsere Website verwendet Funktionen des Webanalysedienstes Google Analytics.<\/p>\n\n\n\n<p>Google Analytics ist ein Onlinedienst des US-amerikanischen Unternehmens Google Inc., der der Datenverkehrsanalyse von Webseiten dient.<\/p>\n\n\n\n<p>Dazu werden Cookies verwendet, die eine Analyse der Benutzung der Website durch Ihre Benutzer erm\u00f6glicht. Die dadurch erzeugten Informationen werden auf den Server des Anbieters \u00fcbertragen und dort gespeichert. Sie k\u00f6nnen dies verhindern, indem Sie Ihren Browser so einrichten, dass keine Cookies gespeichert werden. Wir haben mit dem Anbieter einen entsprechenden Vertrag zur Auftragsdatenverarbeitung abgeschlossen.<\/p>\n\n\n\n<p>Um Google Analytics zu deaktivieren, m\u00fcssen Sie ein Browser-Add-ons installieren. Die M\u00f6glichkeit dazu finden Sie hier.DATENSICHERHEIT<\/p>\n\n\n\n<p>Wenn Sie mit Hilfe unserer Website ein Anmeldeformular erstellen, geschieht dies in einem durch Passwort gesch\u00fctzten Bereich. Je st\u00e4rker Ihr Passwort, umso unwahrscheinlicher ist ein unberechtigter Zugriff.<\/p>\n\n\n\n<p>Daten, die beim Absenden eines ausgef\u00fcllten Formulars \u00fcbermittelt werden, werden verschl\u00fcsselt gesendet. Ein Best\u00e4tigungsmail ergeht an den Absender und an die von Ihnen angegebene Email-Adresse.<\/p>\n\n\n\n<p>Weiters werden die Daten auf einem Server im EU-Raum bei einem Auftragsverarbeiter gespeichert. Sie k\u00f6nnen diese Daten im passwortgesch\u00fctzten Backend-Bereich lesen, bearbeiten und l\u00f6schen. 21 Tage nach Ablauf Ihrer Veranstaltung werden diese Daten unwiederbringlich vom Server gel\u00f6scht. Bis zu diesem Zeitpunkt stellen wir Ihnen eine Downloadm\u00f6glichkeit (csv) zur Verf\u00fcgung. Expliziter Hinweis: Das Risiko der Datensicherheit auf Ihrem Rechner liegt bei Ihnen.<\/p>\n\n\n\n<h4>SICHERHEITSHINWEIS ZUR FORMULARGESTALTUNG<\/h4>\n\n\n\n<p>Unser flexibles Tool erm\u00f6glicht es, Fragen jeder Art in Ihr Formular einzubauen. Trotz Verschl\u00fcsselung bei der \u00dcbertragung raten wir dringend davon ab, sensible Daten (Religionsbekenntnis, Sozialversicherungsdaten, Parteizugeh\u00f6rigkeit usw.) zu erheben.<\/p>\n","protected":false},"excerpt":{"rendered":"<p>Wir verarbeiten Ihre Daten ausschlie\u00dflich auf Grundlage der gesetzlichen Bestimmungen (DSGVO). Diese Datenschutzerkl\u00e4rung informiert Sie \u00fcber die wichtigsten Punkte der Datenverarbeitung im Rahmen unserer Website. KONTAKT MIT UNS Wenn Sie via Website oder per E-Mail Kontakt mit uns aufnehmen, werden Ihre angegebenen Daten zwecks Bearbeitung der Anfrage sechs Monate bei [&hellip;]<\/p>\n","protected":false},"author":3,"featured_media":0,"parent":0,"menu_order":0,"comment_status":"closed","ping_status":"closed","template":"","meta":[],"yoast_head":"<!-- This site is optimized with the Yoast SEO plugin v16.1 - https:\/\/yoast.com\/wordpress\/plugins\/seo\/ -->\n<title>Datenschutz &ndash; Kulturveranstaltung.at<\/title>\n<meta name=\"description\" content=\"Kulturveranstaltungen w\u00e4hrend Covid19 verantwortungsvoll durchf\u00fchren - Besucher namentlich kurzfristig registrieren lassen - online im Vorfeld und auch direkt vor Ort\" \/>\n<link rel=\"canonical\" href=\"https:\/\/kulturveranstaltung.at\/x\/datenschutz\/\" \/>\n<meta property=\"og:locale\" content=\"de_DE\" \/>\n<meta property=\"og:type\" content=\"article\" \/>\n<meta property=\"og:title\" content=\"Datenschutz &ndash; Kulturveranstaltung.at\" \/>\n<meta property=\"og:description\" content=\"Kulturveranstaltungen w\u00e4hrend Covid19 verantwortungsvoll durchf\u00fchren - Besucher namentlich kurzfristig registrieren lassen - online im Vorfeld und auch direkt vor Ort\" \/>\n<meta property=\"og:url\" content=\"https:\/\/kulturveranstaltung.at\/x\/datenschutz\/\" \/>\n<meta property=\"og:site_name\" content=\"Kulturveranstaltung.at\" \/>\n<meta property=\"article:modified_time\" content=\"2020-07-22T12:18:22+00:00\" \/>\n<meta name=\"twitter:card\" content=\"summary_large_image\" \/>\n<meta name=\"twitter:label1\" content=\"Est. reading time\">\n\t<meta name=\"twitter:data1\" content=\"2 Minuten\">\n<script type=\"application\/ld+json\" class=\"yoast-schema-graph\">{\"@context\":\"https:\/\/schema.org\",\"@graph\":[{\"@type\":\"WebSite\",\"@id\":\"https:\/\/kulturveranstaltung.at\/x\/#website\",\"url\":\"https:\/\/kulturveranstaltung.at\/x\/\",\"name\":\"Kulturveranstaltung.at\",\"description\":\"Digitale Besucherlisten zur Rekonstruktion der Anwesenheit bei Kulturveranstaltungen\",\"potentialAction\":[{\"@type\":\"SearchAction\",\"target\":\"https:\/\/kulturveranstaltung.at\/x\/?s={search_term_string}\",\"query-input\":\"required name=search_term_string\"}],\"inLanguage\":\"de-AT\"},{\"@type\":\"WebPage\",\"@id\":\"https:\/\/kulturveranstaltung.at\/x\/datenschutz\/#webpage\",\"url\":\"https:\/\/kulturveranstaltung.at\/x\/datenschutz\/\",\"name\":\"Datenschutz &ndash; Kulturveranstaltung.at\",\"isPartOf\":{\"@id\":\"https:\/\/kulturveranstaltung.at\/x\/#website\"},\"datePublished\":\"2020-07-22T10:53:56+00:00\",\"dateModified\":\"2020-07-22T12:18:22+00:00\",\"description\":\"Kulturveranstaltungen w\\u00e4hrend Covid19 verantwortungsvoll durchf\\u00fchren - Besucher namentlich kurzfristig registrieren lassen - online im Vorfeld und auch direkt vor Ort\",\"breadcrumb\":{\"@id\":\"https:\/\/kulturveranstaltung.at\/x\/datenschutz\/#breadcrumb\"},\"inLanguage\":\"de-AT\",\"potentialAction\":[{\"@type\":\"ReadAction\",\"target\":[\"https:\/\/kulturveranstaltung.at\/x\/datenschutz\/\"]}]},{\"@type\":\"BreadcrumbList\",\"@id\":\"https:\/\/kulturveranstaltung.at\/x\/datenschutz\/#breadcrumb\",\"itemListElement\":[{\"@type\":\"ListItem\",\"position\":1,\"item\":{\"@type\":\"WebPage\",\"@id\":\"https:\/\/kulturveranstaltung.at\/x\/\",\"url\":\"https:\/\/kulturveranstaltung.at\/x\/\",\"name\":\"Home\"}},{\"@type\":\"ListItem\",\"position\":2,\"item\":{\"@type\":\"WebPage\",\"@id\":\"https:\/\/kulturveranstaltung.at\/x\/datenschutz\/\",\"url\":\"https:\/\/kulturveranstaltung.at\/x\/datenschutz\/\",\"name\":\"Datenschutz\"}}]}]}<\/script>\n<!-- \/ Yoast SEO plugin. -->","_links":{"self":[{"href":"https:\/\/kulturveranstaltung.at\/x\/wp-json\/wp\/v2\/pages\/4747"}],"collection":[{"href":"https:\/\/kulturveranstaltung.at\/x\/wp-json\/wp\/v2\/pages"}],"about":[{"href":"https:\/\/kulturveranstaltung.at\/x\/wp-json\/wp\/v2\/types\/page"}],"author":[{"embeddable":true,"href":"https:\/\/kulturveranstaltung.at\/x\/wp-json\/wp\/v2\/users\/3"}],"replies":[{"embeddable":true,"href":"https:\/\/kulturveranstaltung.at\/x\/wp-json\/wp\/v2\/comments?post=4747"}],"version-history":[{"count":2,"href":"https:\/\/kulturveranstaltung.at\/x\/wp-json\/wp\/v2\/pages\/4747\/revisions"}],"predecessor-version":[{"id":4756,"href":"https:\/\/kulturveranstaltung.at\/x\/wp-json\/wp\/v2\/pages\/4747\/revisions\/4756"}],"wp:attachment":[{"href":"https:\/\/kulturveranstaltung.at\/x\/wp-json\/wp\/v2\/media?parent=4747"}],"curies":[{"name":"wp","href":"https:\/\/api.w.org\/{rel}","templated":true}]}}